{"id":4517,"date":"2022-11-03T15:42:25","date_gmt":"2022-11-03T18:42:25","guid":{"rendered":"https:\/\/www.sanclemente.cl\/?page_id=4517"},"modified":"2022-12-21T09:31:25","modified_gmt":"2022-12-21T12:31:25","slug":"contenido-multimedia","status":"publish","type":"page","link":"https:\/\/www.sanclemente.cl\/index.php\/contenido-multimedia\/","title":{"rendered":"Capsulas"},"content":{"rendered":"\t\t<div data-elementor-type=\"wp-page\" data-elementor-id=\"4517\" class=\"elementor elementor-4517\">\n\t\t\t\t\t\t\t\t\t<section data-particle_enable=\"false\" data-particle-mobile-disabled=\"false\" class=\"elementor-section elementor-top-section elementor-element elementor-element-8243aec elementor-section-boxed elementor-section-height-default elementor-section-height-default\" data-id=\"8243aec\" data-element_type=\"section\" data-settings=\"{&quot;jet_parallax_layout_list&quot;:[{&quot;jet_parallax_layout_image&quot;:{&quot;url&quot;:&quot;&quot;,&quot;id&quot;:&quot;&quot;},&quot;_id&quot;:&quot;1eeee9d&quot;,&quot;jet_parallax_layout_image_tablet&quot;:{&quot;url&quot;:&quot;&quot;,&quot;id&quot;:&quot;&quot;},&quot;jet_parallax_layout_image_mobile&quot;:{&quot;url&quot;:&quot;&quot;,&quot;id&quot;:&quot;&quot;},&quot;jet_parallax_layout_speed&quot;:{&quot;unit&quot;:&quot;%&quot;,&quot;size&quot;:50,&quot;sizes&quot;:[]},&quot;jet_parallax_layout_type&quot;:&quot;scroll&quot;,&quot;jet_parallax_layout_direction&quot;:null,&quot;jet_parallax_layout_fx_direction&quot;:null,&quot;jet_parallax_layout_z_index&quot;:&quot;&quot;,&quot;jet_parallax_layout_bg_x&quot;:50,&quot;jet_parallax_layout_bg_x_tablet&quot;:&quot;&quot;,&quot;jet_parallax_layout_bg_x_mobile&quot;:&quot;&quot;,&quot;jet_parallax_layout_bg_y&quot;:50,&quot;jet_parallax_layout_bg_y_tablet&quot;:&quot;&quot;,&quot;jet_parallax_layout_bg_y_mobile&quot;:&quot;&quot;,&quot;jet_parallax_layout_bg_size&quot;:&quot;auto&quot;,&quot;jet_parallax_layout_bg_size_tablet&quot;:&quot;&quot;,&quot;jet_parallax_layout_bg_size_mobile&quot;:&quot;&quot;,&quot;jet_parallax_layout_animation_prop&quot;:&quot;transform&quot;,&quot;jet_parallax_layout_on&quot;:[&quot;desktop&quot;,&quot;tablet&quot;]}],&quot;_ha_eqh_enable&quot;:false}\">\n\t\t\t\t\t\t<div class=\"elementor-container elementor-column-gap-default\">\n\t\t\t\t\t<div class=\"elementor-column elementor-col-100 elementor-top-column elementor-element elementor-element-3b2c630\" data-id=\"3b2c630\" data-element_type=\"column\">\n\t\t\t<div class=\"elementor-widget-wrap elementor-element-populated\">\n\t\t\t\t\t\t\t\t<div class=\"elementor-element elementor-element-f28a336 e-tabs-view-vertical elementor-layout-right elementor-widget elementor-widget-video-playlist\" data-id=\"f28a336\" data-element_type=\"widget\" data-settings=\"{&quot;playlist_title&quot;:&quot;CAPSULAS MUNICIPALES&quot;,&quot;tabs&quot;:[{&quot;_id&quot;:&quot;ae8923a&quot;,&quot;type&quot;:&quot;hosted&quot;,&quot;vimeo_url&quot;:null,&quot;hosted_url&quot;:{&quot;url&quot;:&quot;https:\\\/\\\/www.sanclemente.cl\\\/wp-content\\\/uploads\\\/2022\\\/12\\\/PLANO_R_FINAL_AdobeExpress.mp4&quot;,&quot;id&quot;:4643,&quot;alt&quot;:&quot;&quot;,&quot;source&quot;:&quot;library&quot;},&quot;title&quot;:&quot;Plano Regulador&quot;,&quot;duration&quot;:&quot;1:04&quot;,&quot;thumbnail&quot;:{&quot;url&quot;:&quot;https:\\\/\\\/www.sanclemente.cl\\\/wp-content\\\/uploads\\\/2022\\\/12\\\/Planoregu.jpg&quot;,&quot;id&quot;:4642,&quot;alt&quot;:&quot;&quot;,&quot;source&quot;:&quot;library&quot;},&quot;youtube_url&quot;:null,&quot;is_external_url&quot;:&quot;&quot;,&quot;external_url&quot;:null,&quot;inner_tab_is_content_visible&quot;:&quot;&quot;,&quot;inner_tab_content_1&quot;:null,&quot;inner_tab_content_2&quot;:null},{&quot;title&quot;:&quot;\\u00bfComo Imaginas Tu Ciudad?&quot;,&quot;youtube_url&quot;:null,&quot;duration&quot;:&quot;1:17&quot;,&quot;thumbnail&quot;:{&quot;url&quot;:&quot;https:\\\/\\\/www.sanclemente.cl\\\/wp-content\\\/uploads\\\/2022\\\/11\\\/Secplac1.jpg&quot;,&quot;id&quot;:4518,&quot;alt&quot;:&quot;&quot;,&quot;source&quot;:&quot;library&quot;},&quot;_id&quot;:&quot;0c67805&quot;,&quot;type&quot;:&quot;hosted&quot;,&quot;vimeo_url&quot;:null,&quot;hosted_url&quot;:{&quot;url&quot;:&quot;https:\\\/\\\/www.sanclemente.cl\\\/wp-content\\\/uploads\\\/2022\\\/11\\\/02-COMO-IMAGINAS-TU-CIUDAD.mp4&quot;,&quot;id&quot;:4516,&quot;alt&quot;:&quot;&quot;,&quot;source&quot;:&quot;library&quot;},&quot;is_external_url&quot;:&quot;&quot;,&quot;external_url&quot;:null,&quot;inner_tab_is_content_visible&quot;:&quot;&quot;,&quot;inner_tab_content_1&quot;:null,&quot;inner_tab_content_2&quot;:null},{&quot;title&quot;:&quot;Plan Regulador Comunal&quot;,&quot;youtube_url&quot;:null,&quot;duration&quot;:&quot;2:31&quot;,&quot;thumbnail&quot;:{&quot;url&quot;:&quot;https:\\\/\\\/www.sanclemente.cl\\\/wp-content\\\/uploads\\\/2022\\\/11\\\/ggarrido.jpg&quot;,&quot;id&quot;:4519,&quot;alt&quot;:&quot;&quot;,&quot;source&quot;:&quot;library&quot;},&quot;_id&quot;:&quot;1ca96fc&quot;,&quot;type&quot;:&quot;hosted&quot;,&quot;vimeo_url&quot;:null,&quot;hosted_url&quot;:{&quot;url&quot;:&quot;https:\\\/\\\/www.sanclemente.cl\\\/wp-content\\\/uploads\\\/2022\\\/11\\\/PLAN-REGULADOR-COMUNAL-1.mp4&quot;,&quot;id&quot;:4515,&quot;alt&quot;:&quot;&quot;,&quot;source&quot;:&quot;library&quot;},&quot;is_external_url&quot;:&quot;&quot;,&quot;external_url&quot;:null,&quot;inner_tab_is_content_visible&quot;:&quot;&quot;,&quot;inner_tab_content_1&quot;:null,&quot;inner_tab_content_2&quot;:null},{&quot;title&quot;:&quot;Direcci\\u00f3n de Asesor\\u00eda Jur\\u00eddica Municipal&quot;,&quot;youtube_url&quot;:null,&quot;duration&quot;:&quot;1:50&quot;,&quot;thumbnail&quot;:{&quot;url&quot;:&quot;https:\\\/\\\/www.sanclemente.cl\\\/wp-content\\\/uploads\\\/2022\\\/10\\\/juridico.jpg&quot;,&quot;id&quot;:4493,&quot;alt&quot;:&quot;&quot;,&quot;source&quot;:&quot;library&quot;},&quot;_id&quot;:&quot;af94f37&quot;,&quot;type&quot;:&quot;hosted&quot;,&quot;vimeo_url&quot;:null,&quot;hosted_url&quot;:{&quot;url&quot;:&quot;https:\\\/\\\/www.sanclemente.cl\\\/wp-content\\\/uploads\\\/2022\\\/10\\\/JURIDICO.mp4&quot;,&quot;id&quot;:4492,&quot;alt&quot;:&quot;&quot;,&quot;source&quot;:&quot;library&quot;},&quot;is_external_url&quot;:&quot;&quot;,&quot;external_url&quot;:null,&quot;inner_tab_is_content_visible&quot;:&quot;&quot;,&quot;inner_tab_content_1&quot;:null,&quot;inner_tab_content_2&quot;:null}],&quot;inner_tab_title_1&quot;:&quot;Tab #1&quot;,&quot;inner_tab_title_2&quot;:&quot;Tab #2&quot;}\" data-widget_type=\"video-playlist.default\">\n\t\t\t\t<div class=\"elementor-widget-container\">\n\t\t\t<link rel=\"stylesheet\" href=\"https:\/\/www.sanclemente.cl\/wp-content\/plugins\/elementor-pro\/assets\/css\/widget-video-playlist.min.css\">\n\t\t<div class=\"e-tabs\">\n\t\t\t<div class=\"e-tabs-main-area\">\n\t\t\t\t<div class=\"e-tabs-wrapper\">\n\t\t\t\t\t<div class=\"e-tabs-header\">\n\t\t\t\t\t\t<h2 class=\"e-tabs-title\">CAPSULAS MUNICIPALES<\/h2>\n\t\t\t\t\t\t<div class=\"e-tabs-header-right-side\">\n\t\t\t\t\t\t\t\t\t\t\t\t\t\t\t<span class=\"e-tabs-videos-count\">4 Videos<\/span>\n\t\t\t\t\t\t\t\t\t\t\t\t\t\t<i aria-hidden=\"true\" class=\"e-tabs-toggle-videos-display-button rotate-down eicon-caret-down\"><\/i>\t\t\t\t\t\t<\/div>\n\t\t\t\t\t<\/div>\n\t\t\t\t\t<div class=\"e-tabs-items-wrapper\">\n\t\t\t\t\t\t<div class=\"e-tabs-items\" role=\"tablist\">\n\t\t\t\t\t\t\t\t\t\t\t\t\t\t\t\t\t\t\t\t\t\t\t\t<div id=\"e-tab-title-2541\" class=\"e-tab-title e-tab-desktop-title\" aria-selected=\"true\" data-tab=\"1\" role=\"tab\" tabindex=\"0\" aria-controls=\"e-tab-content-2541\">\n\t\t\t\t\t\t\t\t\t\t\t\t\t\t\t\t\t\t\t\t\t<div class=\"e-tab-thumbnail\">\n\t\t\t\t\t\t\t\t\t\t\t\t\t\t\t\t\t\t\t\t\t\t\t\t\t<img decoding=\"async\" src=\"https:\/\/www.sanclemente.cl\/wp-content\/uploads\/2022\/12\/Planoregu.jpg\" \/>\n\t\t\t\t\t\t\t\t\t\t\t\t\t\t\t\t\t\t\t\t\t\t\t\t<span class=\"icon-play\"><i aria-hidden=\"true\" class=\"fas fa-play-circle\"><\/i><\/span>\n\t\t\t\t\t\t\t\t\t\t\t\t<span class=\"icon-watched\"><i aria-hidden=\"true\" class=\"fas fa-check-circle\"><\/i><\/span>\n\t\t\t\t\t\t\t\t\t\t\t<\/div>\n\t\t\t\t\t\t\t\t\t\t\t\t\t\t\t\t\t\t\t\t<h4 class=\"e-tab-title-text\" title=\"Plano Regulador\">\n\t\t\t\t\t\t\t\t\t\t\t<a href=\"\">\n\t\t\t\t\t\t\t\t\t\t\t\tPlano Regulador\t\t\t\t\t\t\t\t\t\t\t<\/a>\n\t\t\t\t\t\t\t\t\t\t<\/h4>\n\t\t\t\t\t\t\t\t\t\t\t\t\t\t\t\t\t\t\t\t\t<span class=\"e-tab-duration\">1:04<\/span>\n\t\t\t\t\t\t\t\t\t\t\t\t\t\t\t\t\t\t\t<\/div>\n\t\t\t\t\t\t\t\t\t\t\t\t\t\t\t\t\t\t\t\t\t\t\t\t\t\t\t\t\t\t\t\t<div id=\"e-tab-title-2542\" class=\"e-tab-title e-tab-desktop-title\" aria-selected=\"false\" data-tab=\"2\" role=\"tab\" tabindex=\"-1\" aria-controls=\"e-tab-content-2542\">\n\t\t\t\t\t\t\t\t\t\t\t\t\t\t\t\t\t\t\t\t\t<div class=\"e-tab-thumbnail\">\n\t\t\t\t\t\t\t\t\t\t\t\t\t\t\t\t\t\t\t\t\t\t\t\t\t<img decoding=\"async\" src=\"https:\/\/www.sanclemente.cl\/wp-content\/uploads\/2022\/11\/Secplac1.jpg\" \/>\n\t\t\t\t\t\t\t\t\t\t\t\t\t\t\t\t\t\t\t\t\t\t\t\t<span class=\"icon-play\"><i aria-hidden=\"true\" class=\"fas fa-play-circle\"><\/i><\/span>\n\t\t\t\t\t\t\t\t\t\t\t\t<span class=\"icon-watched\"><i aria-hidden=\"true\" class=\"fas fa-check-circle\"><\/i><\/span>\n\t\t\t\t\t\t\t\t\t\t\t<\/div>\n\t\t\t\t\t\t\t\t\t\t\t\t\t\t\t\t\t\t\t\t<h4 class=\"e-tab-title-text\" title=\"\u00bfComo Imaginas Tu Ciudad?\">\n\t\t\t\t\t\t\t\t\t\t\t<a href=\"\">\n\t\t\t\t\t\t\t\t\t\t\t\t\u00bfComo Imaginas Tu Ciudad?\t\t\t\t\t\t\t\t\t\t\t<\/a>\n\t\t\t\t\t\t\t\t\t\t<\/h4>\n\t\t\t\t\t\t\t\t\t\t\t\t\t\t\t\t\t\t\t\t\t<span class=\"e-tab-duration\">1:17<\/span>\n\t\t\t\t\t\t\t\t\t\t\t\t\t\t\t\t\t\t\t<\/div>\n\t\t\t\t\t\t\t\t\t\t\t\t\t\t\t\t\t\t\t\t\t\t\t\t\t\t\t\t\t\t\t\t<div id=\"e-tab-title-2543\" class=\"e-tab-title e-tab-desktop-title\" aria-selected=\"false\" data-tab=\"3\" role=\"tab\" tabindex=\"-1\" aria-controls=\"e-tab-content-2543\">\n\t\t\t\t\t\t\t\t\t\t\t\t\t\t\t\t\t\t\t\t\t<div class=\"e-tab-thumbnail\">\n\t\t\t\t\t\t\t\t\t\t\t\t\t\t\t\t\t\t\t\t\t\t\t\t\t<img decoding=\"async\" src=\"https:\/\/www.sanclemente.cl\/wp-content\/uploads\/2022\/11\/ggarrido.jpg\" \/>\n\t\t\t\t\t\t\t\t\t\t\t\t\t\t\t\t\t\t\t\t\t\t\t\t<span class=\"icon-play\"><i aria-hidden=\"true\" class=\"fas fa-play-circle\"><\/i><\/span>\n\t\t\t\t\t\t\t\t\t\t\t\t<span class=\"icon-watched\"><i aria-hidden=\"true\" class=\"fas fa-check-circle\"><\/i><\/span>\n\t\t\t\t\t\t\t\t\t\t\t<\/div>\n\t\t\t\t\t\t\t\t\t\t\t\t\t\t\t\t\t\t\t\t<h4 class=\"e-tab-title-text\" title=\"Plan Regulador Comunal\">\n\t\t\t\t\t\t\t\t\t\t\t<a href=\"\">\n\t\t\t\t\t\t\t\t\t\t\t\tPlan Regulador Comunal\t\t\t\t\t\t\t\t\t\t\t<\/a>\n\t\t\t\t\t\t\t\t\t\t<\/h4>\n\t\t\t\t\t\t\t\t\t\t\t\t\t\t\t\t\t\t\t\t\t<span class=\"e-tab-duration\">2:31<\/span>\n\t\t\t\t\t\t\t\t\t\t\t\t\t\t\t\t\t\t\t<\/div>\n\t\t\t\t\t\t\t\t\t\t\t\t\t\t\t\t\t\t\t\t\t\t\t\t\t\t\t\t\t\t\t\t<div id=\"e-tab-title-2544\" class=\"e-tab-title e-tab-desktop-title\" aria-selected=\"false\" data-tab=\"4\" role=\"tab\" tabindex=\"-1\" aria-controls=\"e-tab-content-2544\">\n\t\t\t\t\t\t\t\t\t\t\t\t\t\t\t\t\t\t\t\t\t<div class=\"e-tab-thumbnail\">\n\t\t\t\t\t\t\t\t\t\t\t\t\t\t\t\t\t\t\t\t\t\t\t\t\t<img decoding=\"async\" src=\"https:\/\/www.sanclemente.cl\/wp-content\/uploads\/2022\/10\/juridico.jpg\" \/>\n\t\t\t\t\t\t\t\t\t\t\t\t\t\t\t\t\t\t\t\t\t\t\t\t<span class=\"icon-play\"><i aria-hidden=\"true\" class=\"fas fa-play-circle\"><\/i><\/span>\n\t\t\t\t\t\t\t\t\t\t\t\t<span class=\"icon-watched\"><i aria-hidden=\"true\" class=\"fas fa-check-circle\"><\/i><\/span>\n\t\t\t\t\t\t\t\t\t\t\t<\/div>\n\t\t\t\t\t\t\t\t\t\t\t\t\t\t\t\t\t\t\t\t<h4 class=\"e-tab-title-text\" title=\"Direcci\u00f3n de Asesor\u00eda Jur\u00eddica Municipal\">\n\t\t\t\t\t\t\t\t\t\t\t<a href=\"\">\n\t\t\t\t\t\t\t\t\t\t\t\tDirecci\u00f3n de Asesor\u00eda Jur\u00eddica Municipal\t\t\t\t\t\t\t\t\t\t\t<\/a>\n\t\t\t\t\t\t\t\t\t\t<\/h4>\n\t\t\t\t\t\t\t\t\t\t\t\t\t\t\t\t\t\t\t\t\t<span class=\"e-tab-duration\">1:50<\/span>\n\t\t\t\t\t\t\t\t\t\t\t\t\t\t\t\t\t\t\t<\/div>\n\t\t\t\t\t\t\t\t\t\t\t\t\t\t\t\t\t\t\t\t\t<\/div>\n\t\t\t\t\t\t<div class=\"shadow shadow-top\" aria-hidden=\"true\"><\/div>\n\t\t\t\t\t\t<div class=\"shadow shadow-bottom\" aria-hidden=\"true\"><\/div>\n\t\t\t\t\t<\/div>\n\t\t\t\t<\/div>\n\n\t\t\t\t<div class=\"e-tabs-content-wrapper\" role=\"tablist\" aria-orientation=\"vertical\">\n\t\t\t\t\t\n\t\t\t\t\t\t<div id=\"e-tab-content-2541\" class=\"e-tab-content elementor-clearfix\" data-tab=\"1\" role=\"tabpanel\" aria-labelledby=\"e-tab-title-2541\" tabindex=\"0\" data-video-url=\"https:\/\/www.sanclemente.cl\/wp-content\/uploads\/2022\/12\/PLANO_R_FINAL_AdobeExpress.mp4\" data-video-type=\"hosted\" data-video-title=\"Plano Regulador\" data-video-duration=\"1:04\">\n\t\t\t\t\t\t\t<div><\/div>\n\t\t\t\t\t\t\t\t\t\t\t\t\t<\/div>\n\t\t\t\t\t\n\t\t\t\t\t\t<div id=\"e-tab-content-2542\" class=\"e-tab-content elementor-clearfix\" data-tab=\"2\" role=\"tabpanel\" aria-labelledby=\"e-tab-title-2542\" tabindex=\"0\" data-video-url=\"https:\/\/www.sanclemente.cl\/wp-content\/uploads\/2022\/11\/02-COMO-IMAGINAS-TU-CIUDAD.mp4\" data-video-type=\"hosted\" data-video-title=\"\u00bfComo Imaginas Tu Ciudad?\" data-video-duration=\"1:17\" hidden=\"hidden\">\n\t\t\t\t\t\t\t<div><\/div>\n\t\t\t\t\t\t\t\t\t\t\t\t\t<\/div>\n\t\t\t\t\t\n\t\t\t\t\t\t<div id=\"e-tab-content-2543\" class=\"e-tab-content elementor-clearfix\" data-tab=\"3\" role=\"tabpanel\" aria-labelledby=\"e-tab-title-2543\" tabindex=\"0\" data-video-url=\"https:\/\/www.sanclemente.cl\/wp-content\/uploads\/2022\/11\/PLAN-REGULADOR-COMUNAL-1.mp4\" data-video-type=\"hosted\" data-video-title=\"Plan Regulador Comunal\" data-video-duration=\"2:31\" hidden=\"hidden\">\n\t\t\t\t\t\t\t<div><\/div>\n\t\t\t\t\t\t\t\t\t\t\t\t\t<\/div>\n\t\t\t\t\t\n\t\t\t\t\t\t<div id=\"e-tab-content-2544\" class=\"e-tab-content elementor-clearfix\" data-tab=\"4\" role=\"tabpanel\" aria-labelledby=\"e-tab-title-2544\" tabindex=\"0\" data-video-url=\"https:\/\/www.sanclemente.cl\/wp-content\/uploads\/2022\/10\/JURIDICO.mp4\" data-video-type=\"hosted\" data-video-title=\"Direcci\u00f3n de Asesor\u00eda Jur\u00eddica Municipal\" data-video-duration=\"1:50\" hidden=\"hidden\">\n\t\t\t\t\t\t\t<div><\/div>\n\t\t\t\t\t\t\t\t\t\t\t\t\t<\/div>\n\t\t\t\t\t\t\t\t\t<\/div>\n\t\t\t<\/div>\n\n\t\t\t<div class=\"e-tabs-inner-tabs\" >\n\t\t\t\t\t\t\t\t\t\t\t\t\t\t\t\t\t\t\t\t\t\t\t\t\t\t\t\t\t\t\t\t\t\t\t\t\t\t\t\t\t\t\t<\/div>\n\t\t<\/div>\n\t\t\t\t<\/div>\n\t\t\t\t<\/div>\n\t\t\t\t\t<\/div>\n\t\t<\/div>\n\t\t\t\t\t\t\t<\/div>\n\t\t<\/section>\n\t\t\t\t\t\t\t<\/div>\n\t\t","protected":false},"excerpt":{"rendered":"<p>CAPSULAS MUNICIPALES 4 Videos Plano Regulador 1:04 \u00bfComo Imaginas Tu Ciudad? 1:17 Plan Regulador Comunal 2:31 Direcci\u00f3n de Asesor\u00eda Jur\u00eddica Municipal 1:50<\/p>\n","protected":false},"author":1,"featured_media":0,"parent":0,"menu_order":0,"comment_status":"closed","ping_status":"closed","template":"","meta":{"footnotes":"","_expiration-date-status":"","_expiration-date":1671625876,"_expiration-date-type":"draft","_expiration-date-categories":[],"_expiration-date-options":[]},"class_list":["post-4517","page","type-page","status-publish","hentry"],"_links":{"self":[{"href":"https:\/\/www.sanclemente.cl\/index.php\/wp-json\/wp\/v2\/pages\/4517","targetHints":{"allow":["GET"]}}],"collection":[{"href":"https:\/\/www.sanclemente.cl\/index.php\/wp-json\/wp\/v2\/pages"}],"about":[{"href":"https:\/\/www.sanclemente.cl\/index.php\/wp-json\/wp\/v2\/types\/page"}],"author":[{"embeddable":true,"href":"https:\/\/www.sanclemente.cl\/index.php\/wp-json\/wp\/v2\/users\/1"}],"replies":[{"embeddable":true,"href":"https:\/\/www.sanclemente.cl\/index.php\/wp-json\/wp\/v2\/comments?post=4517"}],"version-history":[{"count":11,"href":"https:\/\/www.sanclemente.cl\/index.php\/wp-json\/wp\/v2\/pages\/4517\/revisions"}],"predecessor-version":[{"id":5055,"href":"https:\/\/www.sanclemente.cl\/index.php\/wp-json\/wp\/v2\/pages\/4517\/revisions\/5055"}],"wp:attachment":[{"href":"https:\/\/www.sanclemente.cl\/index.php\/wp-json\/wp\/v2\/media?parent=4517"}],"curies":[{"name":"wp","href":"https:\/\/api.w.org\/{rel}","templated":true}]}}