{"id":6356,"date":"2023-04-03T13:57:37","date_gmt":"2023-04-03T17:57:37","guid":{"rendered":"https:\/\/www.sanclemente.cl\/?page_id=6356"},"modified":"2023-04-03T17:51:26","modified_gmt":"2023-04-03T21:51:26","slug":"reavaluo","status":"publish","type":"page","link":"https:\/\/www.sanclemente.cl\/index.php\/reavaluo\/","title":{"rendered":"REAVAL\u00daO"},"content":{"rendered":"\t\t<div data-elementor-type=\"wp-page\" data-elementor-id=\"6356\" class=\"elementor elementor-6356\">\n\t\t\t\t\t\t\t\t\t<section data-particle_enable=\"false\" data-particle-mobile-disabled=\"false\" class=\"elementor-section elementor-top-section elementor-element elementor-element-a0b7da9 elementor-section-boxed elementor-section-height-default elementor-section-height-default\" data-id=\"a0b7da9\" data-element_type=\"section\" data-settings=\"{&quot;jet_parallax_layout_list&quot;:[{&quot;jet_parallax_layout_image&quot;:{&quot;url&quot;:&quot;&quot;,&quot;id&quot;:&quot;&quot;},&quot;_id&quot;:&quot;5843799&quot;,&quot;jet_parallax_layout_image_tablet&quot;:{&quot;url&quot;:&quot;&quot;,&quot;id&quot;:&quot;&quot;},&quot;jet_parallax_layout_image_mobile&quot;:{&quot;url&quot;:&quot;&quot;,&quot;id&quot;:&quot;&quot;},&quot;jet_parallax_layout_speed&quot;:{&quot;unit&quot;:&quot;%&quot;,&quot;size&quot;:50,&quot;sizes&quot;:[]},&quot;jet_parallax_layout_type&quot;:&quot;scroll&quot;,&quot;jet_parallax_layout_direction&quot;:null,&quot;jet_parallax_layout_fx_direction&quot;:null,&quot;jet_parallax_layout_z_index&quot;:&quot;&quot;,&quot;jet_parallax_layout_bg_x&quot;:50,&quot;jet_parallax_layout_bg_x_tablet&quot;:&quot;&quot;,&quot;jet_parallax_layout_bg_x_mobile&quot;:&quot;&quot;,&quot;jet_parallax_layout_bg_y&quot;:50,&quot;jet_parallax_layout_bg_y_tablet&quot;:&quot;&quot;,&quot;jet_parallax_layout_bg_y_mobile&quot;:&quot;&quot;,&quot;jet_parallax_layout_bg_size&quot;:&quot;auto&quot;,&quot;jet_parallax_layout_bg_size_tablet&quot;:&quot;&quot;,&quot;jet_parallax_layout_bg_size_mobile&quot;:&quot;&quot;,&quot;jet_parallax_layout_animation_prop&quot;:&quot;transform&quot;,&quot;jet_parallax_layout_on&quot;:[&quot;desktop&quot;,&quot;tablet&quot;]}],&quot;_ha_eqh_enable&quot;:false}\">\n\t\t\t\t\t\t<div class=\"elementor-container elementor-column-gap-default\">\n\t\t\t\t\t<div class=\"elementor-column elementor-col-100 elementor-top-column elementor-element elementor-element-418b056\" data-id=\"418b056\" data-element_type=\"column\">\n\t\t\t<div class=\"elementor-widget-wrap elementor-element-populated\">\n\t\t\t\t\t\t\t\t<div class=\"elementor-element elementor-element-1999e11 elementor-widget elementor-widget-ha-pdf-view happy-addon ha-pdf-view\" data-id=\"1999e11\" data-element_type=\"widget\" data-widget_type=\"ha-pdf-view.default\">\n\t\t\t\t<div class=\"elementor-widget-container\">\n\t\t\t        <div class=\"pdf_viewer_container\">\n            <div class=\"pdf_viewer_options viewer-1999e11\" data-pdf-settings=\"{&quot;unique_id&quot;:&quot;viewer-1999e11&quot;,&quot;pdf_url&quot;:&quot;https:\\\/\\\/www.sanclemente.cl\\\/wp-content\\\/uploads\\\/2023\\\/04\\\/ROLREAVALUO_SNE-07202_2023.pdf&quot;,&quot;file_type&quot;:&quot;upload_file&quot;,&quot;page_number&quot;:&quot;1&quot;,&quot;width&quot;:&quot;100%&quot;,&quot;height&quot;:&quot;967px&quot;}\">\n\t\t\t\t<span class=\"ha-title-flex\">\n\t\t\t\t\t<span class=\"pdf-icon\">\n\t\t\t\t\t\t\t\t\t\t\t<\/span>\n\t\t\t\t\t<h2 class=\"ha-pdf-title\">ROL DE AVAL\u00daOS Y CONTRIBUCIONES BIENES RA\u00cdCES NO AGR\u00cdCOLAS SITIOS NO EDIFICADOS, PROPIEDADES ABANDONADAS O POZOS LASTREROS 2023<\/h2>\t\t\t\t<\/span>\n\t\t\t\t                <div class=\"pdf-button\">\n                                <\/div>\n            <\/div>\n            \n\t\t\t<div>\n\t\t\t\t<div id=\"viewer-1999e11\"><\/div>\n\t\t\t<\/div>\n\t\t\t\n        <\/div>\n        \t\t<\/div>\n\t\t\t\t<\/div>\n\t\t\t\t\t<\/div>\n\t\t<\/div>\n\t\t\t\t\t\t\t<\/div>\n\t\t<\/section>\n\t\t\t\t\t\t\t<\/div>\n\t\t","protected":false},"excerpt":{"rendered":"<p>ROL DE AVAL\u00daOS Y CONTRIBUCIONES BIENES RA\u00cdCES NO AGR\u00cdCOLAS SITIOS NO EDIFICADOS, PROPIEDADES ABANDONADAS O POZOS LASTREROS 2023<\/p>\n","protected":false},"author":1,"featured_media":6372,"parent":0,"menu_order":0,"comment_status":"closed","ping_status":"closed","template":"","meta":{"footnotes":"","_expiration-date-status":"","_expiration-date":1680558617,"_expiration-date-type":"draft","_expiration-date-categories":[],"_expiration-date-options":[]},"class_list":["post-6356","page","type-page","status-publish","has-post-thumbnail","hentry"],"_links":{"self":[{"href":"https:\/\/www.sanclemente.cl\/index.php\/wp-json\/wp\/v2\/pages\/6356","targetHints":{"allow":["GET"]}}],"collection":[{"href":"https:\/\/www.sanclemente.cl\/index.php\/wp-json\/wp\/v2\/pages"}],"about":[{"href":"https:\/\/www.sanclemente.cl\/index.php\/wp-json\/wp\/v2\/types\/page"}],"author":[{"embeddable":true,"href":"https:\/\/www.sanclemente.cl\/index.php\/wp-json\/wp\/v2\/users\/1"}],"replies":[{"embeddable":true,"href":"https:\/\/www.sanclemente.cl\/index.php\/wp-json\/wp\/v2\/comments?post=6356"}],"version-history":[{"count":5,"href":"https:\/\/www.sanclemente.cl\/index.php\/wp-json\/wp\/v2\/pages\/6356\/revisions"}],"predecessor-version":[{"id":6363,"href":"https:\/\/www.sanclemente.cl\/index.php\/wp-json\/wp\/v2\/pages\/6356\/revisions\/6363"}],"wp:featuredmedia":[{"embeddable":true,"href":"https:\/\/www.sanclemente.cl\/index.php\/wp-json\/wp\/v2\/media\/6372"}],"wp:attachment":[{"href":"https:\/\/www.sanclemente.cl\/index.php\/wp-json\/wp\/v2\/media?parent=6356"}],"curies":[{"name":"wp","href":"https:\/\/api.w.org\/{rel}","templated":true}]}}